{"id":13,"date":"2026-02-21T18:47:37","date_gmt":"2026-02-21T17:47:37","guid":{"rendered":"https:\/\/www.xslip.de\/x\/?page_id=13"},"modified":"2026-02-22T17:45:09","modified_gmt":"2026-02-22T16:45:09","slug":"impressum","status":"publish","type":"page","link":"https:\/\/www.xslip.de\/x\/impressum\/","title":{"rendered":"Impressum"},"content":{"rendered":"<h2 data-start=\"213\" data-end=\"237\"><strong data-start=\"216\" data-end=\"237\">Impressum \u2013 XSlip<\/strong><\/h2>\n<p data-start=\"239\" data-end=\"362\"><strong data-start=\"239\" data-end=\"286\">Anbieter und Verantwortlicher gem\u00e4\u00df \u00a75 TMG:<\/strong><br data-start=\"286\" data-end=\"289\" \/>XSlip c\/o XHeaven.de<br data-start=\"309\" data-end=\"312\" \/>Hafenstra\u00dfe 48<br data-start=\"326\" data-end=\"329\" \/>27576 Bremerhaven<br data-start=\"346\" data-end=\"349\" \/>Deutschland<\/p>\n<p data-start=\"364\" data-end=\"403\"><strong data-start=\"364\" data-end=\"384\">Vertreten durch:<\/strong><br data-start=\"384\" data-end=\"387\" \/>Michael Muntau<\/p>\n<p data-start=\"405\" data-end=\"486\"><strong data-start=\"405\" data-end=\"417\">Kontakt:<\/strong><br data-start=\"417\" data-end=\"420\" \/>E-Mail: <a class=\"decorated-link\" href=\"mailto:shop@xslip.de\" rel=\"noopener\" data-start=\"428\" data-end=\"441\">shop@xslip.de<\/a><br data-start=\"441\" data-end=\"444\" \/>Telefon: 0173 8095080<\/p>\n<p data-start=\"488\" data-end=\"520\"><strong data-start=\"488\" data-end=\"509\">Zahlungsanbieter:<\/strong><br data-start=\"509\" data-end=\"512\" \/>PayPal<\/p>\n<p data-start=\"522\" data-end=\"610\"><strong data-start=\"522\" data-end=\"542\">Umsatzsteuer-ID:<\/strong><br data-start=\"542\" data-end=\"545\" \/>&#8212;<\/p>\n<p data-start=\"612\" data-end=\"723\"><strong data-start=\"612\" data-end=\"667\">Verantwortlich f\u00fcr den Inhalt nach \u00a755 Abs. 2 RStV:<\/strong><br data-start=\"667\" data-end=\"670\" \/>Michael Muntau<br data-start=\"684\" data-end=\"687\" \/>Hafenstra\u00dfe 48<br data-start=\"701\" data-end=\"704\" \/>27576 Bremerhaven<\/p>\n<p data-start=\"725\" data-end=\"945\"><strong data-start=\"725\" data-end=\"749\">Haftung f\u00fcr Inhalte:<\/strong><br data-start=\"749\" data-end=\"752\" \/>Trotz sorgf\u00e4ltiger inhaltlicher Kontrolle \u00fcbernehmen wir keine Haftung f\u00fcr die Inhalte externer Links. F\u00fcr den Inhalt der verlinkten Seiten sind ausschlie\u00dflich deren Betreiber verantwortlich.<\/p>\n","protected":false},"excerpt":{"rendered":"<p>Impressum \u2013 XSlip Anbieter und Verantwortlicher gem\u00e4\u00df \u00a75 TMG:XSlip c\/o XHeaven.deHafenstra\u00dfe 4827576 BremerhavenDeutschland Vertreten durch:Michael Muntau Kontakt:E-Mail: shop@xslip.deTelefon: 0173 8095080 Zahlungsanbieter:PayPal Umsatzsteuer-ID:&#8212; Verantwortlich f\u00fcr den Inhalt nach \u00a755 Abs. 2 RStV:Michael MuntauHafenstra\u00dfe 4827576 Bremerhaven Haftung f\u00fcr Inhalte:Trotz sorgf\u00e4ltiger inhaltlicher Kontrolle \u00fcbernehmen wir keine Haftung f\u00fcr die Inhalte externer Links. F\u00fcr den Inhalt der verlinkten Seiten [&hellip;]<\/p>\n","protected":false},"author":1,"featured_media":0,"parent":0,"menu_order":0,"comment_status":"closed","ping_status":"closed","template":"","meta":{"footnotes":""},"class_list":["post-13","page","type-page","status-publish","hentry"],"_links":{"self":[{"href":"https:\/\/www.xslip.de\/x\/wp-json\/wp\/v2\/pages\/13","targetHints":{"allow":["GET"]}}],"collection":[{"href":"https:\/\/www.xslip.de\/x\/wp-json\/wp\/v2\/pages"}],"about":[{"href":"https:\/\/www.xslip.de\/x\/wp-json\/wp\/v2\/types\/page"}],"author":[{"embeddable":true,"href":"https:\/\/www.xslip.de\/x\/wp-json\/wp\/v2\/users\/1"}],"replies":[{"embeddable":true,"href":"https:\/\/www.xslip.de\/x\/wp-json\/wp\/v2\/comments?post=13"}],"version-history":[{"count":0,"href":"https:\/\/www.xslip.de\/x\/wp-json\/wp\/v2\/pages\/13\/revisions"}],"wp:attachment":[{"href":"https:\/\/www.xslip.de\/x\/wp-json\/wp\/v2\/media?parent=13"}],"curies":[{"name":"wp","href":"https:\/\/api.w.org\/{rel}","templated":true}]}}