{"id":20,"date":"2026-02-21T18:47:38","date_gmt":"2026-02-21T17:47:38","guid":{"rendered":"https:\/\/www.xslip.de\/x\/?page_id=20"},"modified":"2026-02-22T17:46:34","modified_gmt":"2026-02-22T16:46:34","slug":"echtheit-von-bewertungen","status":"publish","type":"page","link":"https:\/\/www.xslip.de\/x\/echtheit-von-bewertungen\/","title":{"rendered":"Echtheit von Bewertungen"},"content":{"rendered":"<h2 data-start=\"375\" data-end=\"406\"><strong data-start=\"378\" data-end=\"406\">Echtheit von Bewertungen<\/strong><\/h2>\n<p data-start=\"408\" data-end=\"601\">Wir legen gro\u00dfen Wert auf <strong data-start=\"434\" data-end=\"466\">authentische Kundenmeinungen<\/strong>.<br data-start=\"467\" data-end=\"470\" \/>Alle Bewertungen auf XSlip spiegeln die Erfahrungen unserer Kund:innen wider und sollen anderen Nutzern eine Orientierung bieten.<\/p>\n<p data-start=\"603\" data-end=\"627\"><strong data-start=\"603\" data-end=\"625\">Wichtige Hinweise:<\/strong><\/p>\n<ul data-start=\"628\" data-end=\"1023\">\n<li data-start=\"628\" data-end=\"686\">\n<p data-start=\"630\" data-end=\"686\">Jede Bewertung muss <strong data-start=\"650\" data-end=\"678\">echt und nachvollziehbar<\/strong> sein.<\/p>\n<\/li>\n<li data-start=\"687\" data-end=\"804\">\n<p data-start=\"689\" data-end=\"804\">Gef\u00e4lschte Bewertungen oder Bewertungen, die beleidigend, diskriminierend oder illegal sind, <strong data-start=\"782\" data-end=\"801\">werden gel\u00f6scht<\/strong>.<\/p>\n<\/li>\n<li data-start=\"805\" data-end=\"904\">\n<p data-start=\"807\" data-end=\"904\">Wir \u00fcbernehmen keine Haftung f\u00fcr Inhalte, die von Dritten in Bewertungen ver\u00f6ffentlicht werden.<\/p>\n<\/li>\n<li data-start=\"905\" data-end=\"1023\">\n<p data-start=\"907\" data-end=\"1023\">Bewertungen dienen ausschlie\u00dflich der <strong data-start=\"945\" data-end=\"979\">Information anderer Kund:innen<\/strong> und ersetzen keine individuelle Beratung.<\/p>\n<\/li>\n<\/ul>\n<p data-start=\"1025\" data-end=\"1172\">Mit dem Absenden einer Bewertung erkl\u00e4ren Sie sich einverstanden, dass diese <strong data-start=\"1102\" data-end=\"1125\">ver\u00f6ffentlicht wird<\/strong>, solange sie unseren Richtlinien entspricht.<\/p>\n","protected":false},"excerpt":{"rendered":"<p>Echtheit von Bewertungen Wir legen gro\u00dfen Wert auf authentische Kundenmeinungen.Alle Bewertungen auf XSlip spiegeln die Erfahrungen unserer Kund:innen wider und sollen anderen Nutzern eine Orientierung bieten. Wichtige Hinweise: Jede Bewertung muss echt und nachvollziehbar sein. Gef\u00e4lschte Bewertungen oder Bewertungen, die beleidigend, diskriminierend oder illegal sind, werden gel\u00f6scht. Wir \u00fcbernehmen keine Haftung f\u00fcr Inhalte, die von [&hellip;]<\/p>\n","protected":false},"author":1,"featured_media":0,"parent":0,"menu_order":0,"comment_status":"closed","ping_status":"closed","template":"","meta":{"footnotes":""},"class_list":["post-20","page","type-page","status-publish","hentry"],"_links":{"self":[{"href":"https:\/\/www.xslip.de\/x\/wp-json\/wp\/v2\/pages\/20","targetHints":{"allow":["GET"]}}],"collection":[{"href":"https:\/\/www.xslip.de\/x\/wp-json\/wp\/v2\/pages"}],"about":[{"href":"https:\/\/www.xslip.de\/x\/wp-json\/wp\/v2\/types\/page"}],"author":[{"embeddable":true,"href":"https:\/\/www.xslip.de\/x\/wp-json\/wp\/v2\/users\/1"}],"replies":[{"embeddable":true,"href":"https:\/\/www.xslip.de\/x\/wp-json\/wp\/v2\/comments?post=20"}],"version-history":[{"count":0,"href":"https:\/\/www.xslip.de\/x\/wp-json\/wp\/v2\/pages\/20\/revisions"}],"wp:attachment":[{"href":"https:\/\/www.xslip.de\/x\/wp-json\/wp\/v2\/media?parent=20"}],"curies":[{"name":"wp","href":"https:\/\/api.w.org\/{rel}","templated":true}]}}