{"id":202,"date":"2026-02-23T22:30:19","date_gmt":"2026-02-23T21:30:19","guid":{"rendered":"https:\/\/www.xslip.de\/x\/?page_id=202"},"modified":"2026-03-22T17:33:50","modified_gmt":"2026-03-22T16:33:50","slug":"du-willst-kaufen","status":"publish","type":"page","link":"https:\/\/www.xslip.de\/x\/infos\/du-willst-kaufen\/","title":{"rendered":"Du willst kaufen?!"},"content":{"rendered":"<h3 data-path-to-node=\"3\">Deine Reise zum neuen Lieblingsst\u00fcck<\/h3>\n<p data-path-to-node=\"4\">Du hast ein Objekt entdeckt, das dein Herz h\u00f6herschlagen l\u00e4sst? Hier erf\u00e4hrst du, wie du es sicher und unkompliziert zu dir nach Hause holst.<\/p>\n<h3 data-path-to-node=\"5\"><strong>1. St\u00f6bern &amp; Ausw\u00e4hlen<\/strong><\/h3>\n<p data-path-to-node=\"6\">Nutze unseren Shop, um durch die exklusiven Angebote zu bl\u00e4ttern. Jedes Produkt ist mit einer detaillierten Beschreibung und Bildern versehen.<\/p>\n<h3 data-path-to-node=\"7\"><strong>2. In den Warenkorb<\/strong><\/h3>\n<p data-path-to-node=\"8\">Hast du deine Wahl getroffen? Klicke einfach auf <b data-path-to-node=\"8\" data-index-in-node=\"49\">\u201eIn den Warenkorb&#8220;<\/b>. Du kannst danach entweder weitershoppen oder direkt zur Kasse gehen.<\/p>\n<h3 data-path-to-node=\"9\"><strong>3. Sicherer Check-out<\/strong><\/h3>\n<p data-path-to-node=\"10\">Im Kassenbereich gibst du deine Daten f\u00fcr den Versand an.<\/p>\n<ul data-path-to-node=\"11\">\n<li>\n<p data-path-to-node=\"11,0,0\"><b data-path-to-node=\"11,0,0\" data-index-in-node=\"0\">Zahlung:<\/b> W\u00e4hle aus unseren diskreten Zahlungsarten. Auf deiner Rechnung und dem Kontoauszug taucht nicht XSlip, sondern <b>Sinfinity Media<\/b> auf \u2013 so bleibt dein Einkauf diskret.<\/p>\n<\/li>\n<li>\n<p data-path-to-node=\"11,1,0\"><b data-path-to-node=\"11,1,0\" data-index-in-node=\"0\">Datenschutz:<\/b> Deine Informationen werden mit einer <b>SSL\/TLS-Verschl\u00fcsselung (256-bit)<\/b> sicher \u00fcbertragen \u2013 der gleiche Standard wie beim Online-Banking.<\/p>\n<\/li>\n<\/ul>\n<h3 data-path-to-node=\"12\"><strong>4. Diskrete Lieferung<\/strong><\/h3>\n<p data-path-to-node=\"13\">Privatsph\u00e4re steht bei uns an erster Stelle.<\/p>\n<ul data-path-to-node=\"14\">\n<li>\n<p data-path-to-node=\"14,0,0\"><b data-path-to-node=\"14,0,0\" data-index-in-node=\"0\">Neutrale Verpackung:<\/b> Der Versand erfolgt in einer Verpackung, die keinerlei R\u00fcckschl\u00fcsse auf den Inhalt zul\u00e4sst. Als Absender steht immer <b>Sinfinity Media, Hafenstra\u00dfe 48, 27576 Bremerhaven<\/b> \u2013 nie XSlip. Bei der Bestellung kannst du zudem aus verschiedenen diskreten Verpackungsoptionen w\u00e4hlen (z. B. neutraler Karton, Luftpolsterumschlag, Geschenkverpackung).<\/p>\n<\/li>\n<li>\n<p data-path-to-node=\"14,1,0\"><b data-path-to-node=\"14,1,0\" data-index-in-node=\"0\">Schneller Versand:<\/b> Die Verk\u00e4uferinnen sind angehalten, deine Bestellung nach Zahlungseingang umgehend auf den Weg zu bringen.<\/p>\n<\/li>\n<\/ul>\n<p>Direkt zum <a href=\"https:\/\/www.xslip.de\/x\/\">Shop<\/a><\/p>\n","protected":false},"excerpt":{"rendered":"<p>Deine Reise zum neuen Lieblingsst\u00fcck Du hast ein Objekt entdeckt, das dein Herz h\u00f6herschlagen l\u00e4sst? Hier erf\u00e4hrst du, wie du es sicher und unkompliziert zu dir nach Hause holst. 1. St\u00f6bern &amp; Ausw\u00e4hlen Nutze unseren Shop, um durch die exklusiven Angebote zu bl\u00e4ttern. Jedes Produkt ist mit einer detaillierten Beschreibung und Bildern versehen. 2. In [&hellip;]<\/p>\n","protected":false},"author":1,"featured_media":0,"parent":200,"menu_order":0,"comment_status":"closed","ping_status":"closed","template":"","meta":{"footnotes":""},"class_list":["post-202","page","type-page","status-publish","hentry"],"_links":{"self":[{"href":"https:\/\/www.xslip.de\/x\/wp-json\/wp\/v2\/pages\/202","targetHints":{"allow":["GET"]}}],"collection":[{"href":"https:\/\/www.xslip.de\/x\/wp-json\/wp\/v2\/pages"}],"about":[{"href":"https:\/\/www.xslip.de\/x\/wp-json\/wp\/v2\/types\/page"}],"author":[{"embeddable":true,"href":"https:\/\/www.xslip.de\/x\/wp-json\/wp\/v2\/users\/1"}],"replies":[{"embeddable":true,"href":"https:\/\/www.xslip.de\/x\/wp-json\/wp\/v2\/comments?post=202"}],"version-history":[{"count":5,"href":"https:\/\/www.xslip.de\/x\/wp-json\/wp\/v2\/pages\/202\/revisions"}],"predecessor-version":[{"id":772,"href":"https:\/\/www.xslip.de\/x\/wp-json\/wp\/v2\/pages\/202\/revisions\/772"}],"up":[{"embeddable":true,"href":"https:\/\/www.xslip.de\/x\/wp-json\/wp\/v2\/pages\/200"}],"wp:attachment":[{"href":"https:\/\/www.xslip.de\/x\/wp-json\/wp\/v2\/media?parent=202"}],"curies":[{"name":"wp","href":"https:\/\/api.w.org\/{rel}","templated":true}]}}