{"id":602,"date":"2026-02-05T21:10:59","date_gmt":"2026-02-05T20:10:59","guid":{"rendered":"https:\/\/www.xslip.de\/x\/produkt\/meine-pussy\/"},"modified":"2026-03-10T23:05:01","modified_gmt":"2026-03-10T22:05:01","slug":"meine-pussy","status":"publish","type":"product","link":"https:\/\/www.xslip.de\/x\/produkt\/meine-pussy\/","title":{"rendered":"Meine Pussy"},"content":{"rendered":"<p>Kein Versteckspiel. Ich zeige dir meine Pussy so nah und offen wie es nur geht \u2014 ganz weit f\u00fcr dich. Mein Dom hat die Kamera gehalten w\u00e4hrend ich mich f\u00fcr ihn gespreizt habe. Kurz, intensiv und nichts dem Zufall \u00fcberlassen. Genau das, was du dir vorstellst. \ud83d\ude0f<br \/>Ganze 8 Sekunden kannst du mir in die Pussy gucken!<\/p>\n","protected":false},"excerpt":{"rendered":"<p>Meine Pussy \u2014 nass, offen und direkt vor deiner Nase. \ud83d\udd25<\/p>\n","protected":false},"featured_media":600,"comment_status":"open","ping_status":"closed","template":"","meta":[],"product_brand":[],"product_cat":[98],"product_tag":[141],"class_list":{"0":"post-602","1":"product","2":"type-product","3":"status-publish","4":"has-post-thumbnail","6":"product_cat-dundi","7":"product_tag-pussy","9":"first","10":"instock","11":"downloadable","12":"virtual","13":"purchasable","14":"product-type-simple"},"_links":{"self":[{"href":"https:\/\/www.xslip.de\/x\/wp-json\/wp\/v2\/product\/602","targetHints":{"allow":["GET"]}}],"collection":[{"href":"https:\/\/www.xslip.de\/x\/wp-json\/wp\/v2\/product"}],"about":[{"href":"https:\/\/www.xslip.de\/x\/wp-json\/wp\/v2\/types\/product"}],"replies":[{"embeddable":true,"href":"https:\/\/www.xslip.de\/x\/wp-json\/wp\/v2\/comments?post=602"}],"wp:featuredmedia":[{"embeddable":true,"href":"https:\/\/www.xslip.de\/x\/wp-json\/wp\/v2\/media\/600"}],"wp:attachment":[{"href":"https:\/\/www.xslip.de\/x\/wp-json\/wp\/v2\/media?parent=602"}],"wp:term":[{"taxonomy":"product_brand","embeddable":true,"href":"https:\/\/www.xslip.de\/x\/wp-json\/wp\/v2\/product_brand?post=602"},{"taxonomy":"product_cat","embeddable":true,"href":"https:\/\/www.xslip.de\/x\/wp-json\/wp\/v2\/product_cat?post=602"},{"taxonomy":"product_tag","embeddable":true,"href":"https:\/\/www.xslip.de\/x\/wp-json\/wp\/v2\/product_tag?post=602"}],"curies":[{"name":"wp","href":"https:\/\/api.w.org\/{rel}","templated":true}]}}