{"id":701,"date":"2026-02-15T21:45:37","date_gmt":"2026-02-15T20:45:37","guid":{"rendered":"https:\/\/www.xslip.de\/x\/?post_type=product&#038;p=701"},"modified":"2026-04-06T21:04:30","modified_gmt":"2026-04-06T19:04:30","slug":"mein-shootingoutfit-3","status":"publish","type":"product","link":"https:\/\/www.xslip.de\/x\/produkt\/mein-shootingoutfit-3\/","title":{"rendered":"Mein Body \u2013 direkt vom Shooting zu dir"},"content":{"rendered":"<p class=\"font-claude-response-body break-words whitespace-normal leading-[1.7]\">Diesen schwarzen Spitzen-Body hab ich beim Shooting getragen \u2013 eng anliegend, die Riemen haben sich in meine Haut gedr\u00fcckt, meine s\u00fc\u00dfen Br\u00fcste kaum bedeckt. \ud83d\udd25 Ich hab ihn den ganzen Abend angehabt, w\u00e4hrend die Kamera auf mich gerichtet war. Und ja, danach auch noch&#8230;<\/p>\n<p>Du kannst davon ausgehen, das du ihn nicht trocken bekommst! Ich will gar nicht wissen, was danach alles in ihn gelaufen ist!<\/p>\n<p class=\"font-claude-response-body break-words whitespace-normal leading-[1.7]\">Jetzt kannst du ihn haben. So wie ich ihn getragen habe \u2013 f\u00fchl die Spitze, stell dir vor wie er an mir sa\u00df. Wie er duftet, wei\u00dft du, wenn du den luftdichten Beutel \u00f6ffnest! \ud83d\ude08<\/p>\n<p>Wenn du es w\u00fcnscht &#8211; aber nur dann! &#8211; dann ziehe ich ihn noch mal kurz an und mache ihn richtig nass!!!<\/p>\n<p class=\"font-claude-response-body break-words whitespace-normal leading-[1.7]\">Die passenden Bilder vom Shooting gibt es auch \u2013 schau dir das Set an. \ud83d\udda4<\/p>\n","protected":false},"excerpt":{"rendered":"<p>Spitze, Riemen, kaum was drunter \u2013 und jetzt geh\u00f6rt er dir. Wenn Du willst!<\/p>\n","protected":false},"featured_media":694,"comment_status":"open","ping_status":"closed","template":"","meta":[],"product_brand":[],"product_cat":[93,95],"product_tag":[167,169,143,174,168,183,173,141,55,188,189],"class_list":{"0":"post-701","1":"product","2":"type-product","3":"status-publish","4":"has-post-thumbnail","6":"product_cat-sundu","7":"product_cat-wundo","8":"product_tag-amateur","9":"product_tag-benutzt","10":"product_tag-boobs","11":"product_tag-dessous","12":"product_tag-getragen","13":"product_tag-nass","14":"product_tag-outfit","15":"product_tag-pussy","16":"product_tag-slip","17":"product_tag-urin","18":"product_tag-wet","20":"first","21":"instock","22":"shipping-taxable","23":"purchasable","24":"product-type-simple"},"_links":{"self":[{"href":"https:\/\/www.xslip.de\/x\/wp-json\/wp\/v2\/product\/701","targetHints":{"allow":["GET"]}}],"collection":[{"href":"https:\/\/www.xslip.de\/x\/wp-json\/wp\/v2\/product"}],"about":[{"href":"https:\/\/www.xslip.de\/x\/wp-json\/wp\/v2\/types\/product"}],"replies":[{"embeddable":true,"href":"https:\/\/www.xslip.de\/x\/wp-json\/wp\/v2\/comments?post=701"}],"wp:featuredmedia":[{"embeddable":true,"href":"https:\/\/www.xslip.de\/x\/wp-json\/wp\/v2\/media\/694"}],"wp:attachment":[{"href":"https:\/\/www.xslip.de\/x\/wp-json\/wp\/v2\/media?parent=701"}],"wp:term":[{"taxonomy":"product_brand","embeddable":true,"href":"https:\/\/www.xslip.de\/x\/wp-json\/wp\/v2\/product_brand?post=701"},{"taxonomy":"product_cat","embeddable":true,"href":"https:\/\/www.xslip.de\/x\/wp-json\/wp\/v2\/product_cat?post=701"},{"taxonomy":"product_tag","embeddable":true,"href":"https:\/\/www.xslip.de\/x\/wp-json\/wp\/v2\/product_tag?post=701"}],"curies":[{"name":"wp","href":"https:\/\/api.w.org\/{rel}","templated":true}]}}