{"id":707,"date":"2026-02-15T21:46:55","date_gmt":"2026-02-15T20:46:55","guid":{"rendered":"https:\/\/www.xslip.de\/x\/?post_type=product&#038;p=707"},"modified":"2026-04-06T20:58:42","modified_gmt":"2026-04-06T18:58:42","slug":"mein-shootingoutfit","status":"publish","type":"product","link":"https:\/\/www.xslip.de\/x\/produkt\/mein-shootingoutfit\/","title":{"rendered":"Mein Lack-Body \u2013 so nah kannst du mir sein"},"content":{"rendered":"<p class=\"font-claude-response-body break-words whitespace-normal leading-[1.7]\">Dieser schwarze Lack-Body hat sich beim Shooting wie eine zweite Haut angef\u00fchlt \u2013 tief ausgeschnitten, eng anliegend, meine geilen Kurven betont. \ud83d\udd25 Der Lack hat die W\u00e4rme meines K\u00f6rpers aufgesogen, w\u00e4hrend ich f\u00fcr die Kamera posiert habe. Ja, obwohl es so verdammt wenig Stoff ist, habe ich nicht nur geschwitzt. Da mein Dom beim fotografieren nat\u00fcrlich keine R\u00fccksicht auf mich genommen hat, sind leider auch ein paar Tr\u00f6pfchen reingekommen, bevor ich auf Klo konnte&#8230;\u00a0<\/p>\n<p class=\"font-claude-response-body break-words whitespace-normal leading-[1.7]\">Jetzt kannst du ihn haben. F\u00fchl den Lack, stell dir vor wie er sich an mir angef\u00fchlt hat \u2013 hei\u00df, glatt, direkt auf meiner Haut. Und glaube mir: Er duftet nach mir! \ud83d\ude08<\/p>\n<p>Wenn du magst, dann schreibe mir bei der Bestellung noch ein paar Zeilen dazu. Dann ziehe ich ihn noch mal kurz an und mache ihn richtig nass!<\/p>\n","protected":false},"excerpt":{"rendered":"<p>Gl\u00e4nzend, eng, kaum was bedeckt \u2013 und er war direkt auf meiner Haut.<\/p>\n","protected":false},"featured_media":706,"comment_status":"open","ping_status":"closed","template":"","meta":[],"product_brand":[],"product_cat":[93,95],"product_tag":[167,169,122,143,174,171,168,183,188,189],"class_list":{"0":"post-707","1":"product","2":"type-product","3":"status-publish","4":"has-post-thumbnail","6":"product_cat-sundu","7":"product_cat-wundo","8":"product_tag-amateur","9":"product_tag-benutzt","10":"product_tag-bh","11":"product_tag-boobs","12":"product_tag-dessous","13":"product_tag-duft","14":"product_tag-getragen","15":"product_tag-nass","16":"product_tag-urin","17":"product_tag-wet","19":"first","20":"instock","21":"shipping-taxable","22":"purchasable","23":"product-type-simple"},"_links":{"self":[{"href":"https:\/\/www.xslip.de\/x\/wp-json\/wp\/v2\/product\/707","targetHints":{"allow":["GET"]}}],"collection":[{"href":"https:\/\/www.xslip.de\/x\/wp-json\/wp\/v2\/product"}],"about":[{"href":"https:\/\/www.xslip.de\/x\/wp-json\/wp\/v2\/types\/product"}],"replies":[{"embeddable":true,"href":"https:\/\/www.xslip.de\/x\/wp-json\/wp\/v2\/comments?post=707"}],"wp:featuredmedia":[{"embeddable":true,"href":"https:\/\/www.xslip.de\/x\/wp-json\/wp\/v2\/media\/706"}],"wp:attachment":[{"href":"https:\/\/www.xslip.de\/x\/wp-json\/wp\/v2\/media?parent=707"}],"wp:term":[{"taxonomy":"product_brand","embeddable":true,"href":"https:\/\/www.xslip.de\/x\/wp-json\/wp\/v2\/product_brand?post=707"},{"taxonomy":"product_cat","embeddable":true,"href":"https:\/\/www.xslip.de\/x\/wp-json\/wp\/v2\/product_cat?post=707"},{"taxonomy":"product_tag","embeddable":true,"href":"https:\/\/www.xslip.de\/x\/wp-json\/wp\/v2\/product_tag?post=707"}],"curies":[{"name":"wp","href":"https:\/\/api.w.org\/{rel}","templated":true}]}}